{"id":370,"date":"2024-06-30T09:35:37","date_gmt":"2024-06-30T09:35:37","guid":{"rendered":"https:\/\/otsm-group.de\/wordpress\/?page_id=370"},"modified":"2024-08-02T12:32:18","modified_gmt":"2024-08-02T12:32:18","slug":"elektriker-als-servicetechniker-m-w-d-fuer-betriebstechnik","status":"publish","type":"page","link":"https:\/\/otsm-group.de\/wordpress\/index.php\/elektriker-als-servicetechniker-m-w-d-fuer-betriebstechnik\/","title":{"rendered":"ELEKTRIKER ALS SERVICETECHNIKER (M\/W\/D) F\u00dcR BETRIEBSTECHNIK"},"content":{"rendered":"\n<div class=\"wp-block-cover\"><span aria-hidden=\"true\" class=\"wp-block-cover__background has-background-dim\"><\/span><img loading=\"lazy\" decoding=\"async\" width=\"1080\" height=\"608\" class=\"wp-block-cover__image-background wp-image-323\" alt=\"\" src=\"https:\/\/otsm-group.de\/wordpress\/wp-content\/uploads\/2024\/06\/Untitled-design-3-edited.jpeg\" data-object-fit=\"cover\" srcset=\"https:\/\/otsm-group.de\/wordpress\/wp-content\/uploads\/2024\/06\/Untitled-design-3-edited.jpeg 1080w, https:\/\/otsm-group.de\/wordpress\/wp-content\/uploads\/2024\/06\/Untitled-design-3-edited-300x169.jpeg 300w, https:\/\/otsm-group.de\/wordpress\/wp-content\/uploads\/2024\/06\/Untitled-design-3-edited-1024x576.jpeg 1024w, https:\/\/otsm-group.de\/wordpress\/wp-content\/uploads\/2024\/06\/Untitled-design-3-edited-768x432.jpeg 768w\" sizes=\"auto, (max-width: 1080px) 100vw, 1080px\" \/><div class=\"wp-block-cover__inner-container is-layout-flow wp-block-cover-is-layout-flow\">\n<p class=\"has-text-align-center has-text-color has-background has-link-color has-medium-font-size wp-elements-ca5dfab3e1add5095097a65abcf21b72\" style=\"color:#e9c604;background:linear-gradient(180deg,rgb(39,39,39) 31%,rgb(164,164,164) 74%)\"><strong><strong><strong><strong><strong><strong>ELEKTRIKER ALS SERVICETECHNIKER (M\/W\/D) F\u00dcR BETRIEBSTECHNIK<\/strong><\/strong><\/strong><\/strong><\/strong><\/strong><\/p>\n<\/div><\/div>\n\n\n\n<p><em><strong>FESTANSTELLUNG, VOLLZEIT<\/strong><\/em><\/p>\n\n\n\n<p><strong>WIR SUCHEN<\/strong><\/p>\n\n\n\n<p>&nbsp;Wir suchen zum n\u00e4chstm\u00f6glichen Zeitpunkt einen Elektriker als Servicetechniker (m\/w\/d) f\u00fcr Betriebstechnik in unbefristeter Vollzeit-Anstellung:<\/p>\n\n\n\n<p><strong>IHRE AUFGABEN<\/strong><\/p>\n\n\n\n<ul class=\"wp-block-list\">\n<li>Aufstellung und Inbetriebnahme von CNC-gesteuerten Bearbeitungszentren sowie Automationsl\u00f6sungen<\/li>\n\n\n\n<li>Einweisung und Schulung der Kunden in Bedienung und Wartung der Maschine<\/li>\n\n\n\n<li>Selbstst\u00e4ndige Identifizierung und anschlie\u00dfende Behebung von elektrischen und mechanischen St\u00f6rungen<\/li>\n\n\n\n<li>Fehleranalyse und Behebung von Steuerungsproblemen f\u00fcr Heidenhain und Siemens-Steuerungen<\/li>\n\n\n\n<li>Nachtr\u00e4gliche Erweiterung des Funktionsumfanges<\/li>\n\n\n\n<li>Wartung und Inspektion unserer CNC-gesteuerten Bearbeitungszentren<\/li>\n<\/ul>\n\n\n\n<div style=\"height:70px\" aria-hidden=\"true\" class=\"wp-block-spacer\"><\/div>\n\n\n\n<p><strong>IHR PROFIL<\/strong>&nbsp;<strong><\/strong><\/p>\n\n\n\n<ul class=\"wp-block-list\">\n<li>Abgeschlossene Berufsausbildung als Industriemechaniker\/Elektroniker\/Mechatroniker<\/li>\n\n\n\n<li>Berufserfahrung im Maschinenbau insbesondere in Montage, Wartung oder Reparatur von Maschinen &#8211; idealerweise Werkzeugmaschinen<\/li>\n\n\n\n<li>Selbstst\u00e4ndiges Arbeiten und Teamf\u00e4higkeit<\/li>\n\n\n\n<li>Reisebereitschaft, haupts\u00e4chlich f\u00fcr den deutschsprachigen Raum<\/li>\n\n\n\n<li>Strukturierung in P8<\/li>\n\n\n\n<li>Erstellung der E-Pl\u00e4ner<\/li>\n\n\n\n<li>Das bringst du mit fundierte Kenntnisse mit EPLAN<\/li>\n<\/ul>\n\n\n\n<div style=\"height:70px\" aria-hidden=\"true\" class=\"wp-block-spacer\"><\/div>\n\n\n\n<p><strong>WIR BIETEN<\/strong>;<\/p>\n\n\n\n<ul class=\"wp-block-list\">\n<li><strong>Verl\u00e4sslichkeit<\/strong>: Unbefristete Anstellung in einem internationalen Umfeld bei einem krisensicheren und wachsenden Unternehmen<\/li>\n\n\n\n<li><strong>Attraktives Gehalt<\/strong>: Inkl. Urlaubsgeld<\/li>\n\n\n\n<li><strong>Viele Urlaubstage<\/strong>: 30 Tage Urlaub<\/li>\n\n\n\n<li><strong>Perspektiven<\/strong>: Vielf\u00e4ltige Entwicklungsm\u00f6glichkeiten, sowie vielf\u00e4ltige Karrierem\u00f6glichkeiten innerhalb der gesamten Unternehmensgruppen<\/li>\n\n\n\n<li><strong>Weitere Benefits<\/strong>: Hochwertiges Werkzeug, Arbeitskleidung,<\/li>\n\n\n\n<li>hohe Arbeitssicherheits- Standard.<\/li>\n<\/ul>\n\n\n\n<div style=\"height:70px\" aria-hidden=\"true\" class=\"wp-block-spacer\"><\/div>\n\n\n\n<p><\/p>\n\n\n\n<p><strong>KONTAKT<\/strong><\/p>\n\n\n\n<div class=\"wp-block-media-text is-stacked-on-mobile\" style=\"grid-template-columns:15% auto\"><figure class=\"wp-block-media-text__media\"><img loading=\"lazy\" decoding=\"async\" width=\"590\" height=\"1024\" src=\"https:\/\/otsm-group.de\/wordpress\/wp-content\/uploads\/2024\/07\/IMG-20240724-WA0000-002-6-590x1024.jpg\" alt=\"\" class=\"wp-image-420 size-full\" srcset=\"https:\/\/otsm-group.de\/wordpress\/wp-content\/uploads\/2024\/07\/IMG-20240724-WA0000-002-6-590x1024.jpg 590w, https:\/\/otsm-group.de\/wordpress\/wp-content\/uploads\/2024\/07\/IMG-20240724-WA0000-002-6-173x300.jpg 173w, https:\/\/otsm-group.de\/wordpress\/wp-content\/uploads\/2024\/07\/IMG-20240724-WA0000-002-6-768x1333.jpg 768w, https:\/\/otsm-group.de\/wordpress\/wp-content\/uploads\/2024\/07\/IMG-20240724-WA0000-002-6-885x1536.jpg 885w, https:\/\/otsm-group.de\/wordpress\/wp-content\/uploads\/2024\/07\/IMG-20240724-WA0000-002-6.jpg 922w\" sizes=\"auto, (max-width: 590px) 100vw, 590px\" \/><\/figure><div class=\"wp-block-media-text__content\">\n<p>F\u00fchlen Sie sich angesprochen? <\/p>\n\n\n\n<p>Dann freuen wir uns auf Ihre aussagekr\u00e4ftige Bewerbung zu H\u00e4nden Frau Frindt mit Angabe &nbsp;Gehaltsvorstellung.<br>Bitte bewerben Sie sich ausschlie\u00dflich \u00fcber unser Karriereportal \u00fcber den Button &#8222;Jetzt bewerben&#8220;.<br><\/p>\n<\/div><\/div>\n\n\n\n<div class=\"wp-block-buttons is-layout-flex wp-block-buttons-is-layout-flex\">\n<div class=\"wp-block-button\"><a class=\"wp-block-button__link wp-element-button\" href=\"https:\/\/otsm-group.de\/wordpress\/index.php\/bewerbungen\/\">Jetzt bewerben<\/a><\/div>\n<\/div>\n\n\n\n<div style=\"height:70px\" aria-hidden=\"true\" class=\"wp-block-spacer\"><\/div>\n\n\n\n<p><br>OTSM GmbH&nbsp;<\/p>\n\n\n\n<p>Carl-Gruner- Stra\u00dfe 6,<\/p>\n\n\n\n<p>75177 Pforzheim<br>Tel. +49 7231 155 21 80 \u00b7 E-Mail f\u00fcr R\u00fcckfragen: info@otsm-group.de \u00b7 <a href=\"http:\/\/www.otsm-group.de\">www.otsm-group.de<\/a><\/p>\n\n\n\n<p><\/p>\n\n\n\n<div style=\"height:70px\" aria-hidden=\"true\" class=\"wp-block-spacer\"><\/div>\n\n\n\n<p><strong>\u00dcBER UNS<\/strong><\/p>\n\n\n\n<p>Wir sind ein mittelst\u00e4ndisches, international agierendes Unternehmen mit ca. 40 Mitarbeitenden und Unsere Kunden sch\u00e4tzen uns als zuverl\u00e4ssigen Partner mit umfassendem Know-how, bahnbrechenden Produkten und sehr gutem Service. Der Erfolg unseres Unternehmens ist nur durch das Engagement unserer Mitarbeitenden m\u00f6glich. Deshalb ist es uns wichtig, dass sich unsere Mitarbeitenden wohlf\u00fchlen. Dazu tr\u00e4gt nicht nur ein gutes Arbeitsklima und eine \u00fcberdurchschnittliche Verg\u00fctung bei, sondern auch umfangreiche Sozialleistungen wie zum Beispiel eine betriebliche Krankenzusatzversicherung, das Mitarbeiterrestaurant oder ein Zuschuss f\u00fcr die Kinderbetreuung. OTSM GmbH bietet Ihnen ein innovatives und abwechslungsreiches Umfeld, um sich pers\u00f6nlich und beruflich weiterzuentwickeln.<\/p>\n","protected":false},"excerpt":{"rendered":"<p>FESTANSTELLUNG, VOLLZEIT WIR SUCHEN &nbsp;Wir suchen zum n\u00e4chstm\u00f6glichen Zeitpunkt einen Elektriker als Servicetechniker (m\/w\/d) f\u00fcr Betriebstechnik in unbefristeter Vollzeit-Anstellung: IHRE AUFGABEN IHR PROFIL&nbsp; WIR BIETEN; KONTAKT F\u00fchlen Sie sich angesprochen? Dann freuen wir uns auf Ihre aussagekr\u00e4ftige Bewerbung zu H\u00e4nden Frau Frindt mit Angabe &nbsp;Gehaltsvorstellung.Bitte bewerben Sie sich ausschlie\u00dflich \u00fcber unser Karriereportal \u00fcber den Button [&hellip;]<\/p>\n","protected":false},"author":2,"featured_media":0,"parent":0,"menu_order":0,"comment_status":"closed","ping_status":"closed","template":"","meta":{"footnotes":""},"class_list":["post-370","page","type-page","status-publish","hentry"],"_links":{"self":[{"href":"https:\/\/otsm-group.de\/wordpress\/index.php\/wp-json\/wp\/v2\/pages\/370","targetHints":{"allow":["GET"]}}],"collection":[{"href":"https:\/\/otsm-group.de\/wordpress\/index.php\/wp-json\/wp\/v2\/pages"}],"about":[{"href":"https:\/\/otsm-group.de\/wordpress\/index.php\/wp-json\/wp\/v2\/types\/page"}],"author":[{"embeddable":true,"href":"https:\/\/otsm-group.de\/wordpress\/index.php\/wp-json\/wp\/v2\/users\/2"}],"replies":[{"embeddable":true,"href":"https:\/\/otsm-group.de\/wordpress\/index.php\/wp-json\/wp\/v2\/comments?post=370"}],"version-history":[{"count":8,"href":"https:\/\/otsm-group.de\/wordpress\/index.php\/wp-json\/wp\/v2\/pages\/370\/revisions"}],"predecessor-version":[{"id":446,"href":"https:\/\/otsm-group.de\/wordpress\/index.php\/wp-json\/wp\/v2\/pages\/370\/revisions\/446"}],"wp:attachment":[{"href":"https:\/\/otsm-group.de\/wordpress\/index.php\/wp-json\/wp\/v2\/media?parent=370"}],"curies":[{"name":"wp","href":"https:\/\/api.w.org\/{rel}","templated":true}]}}